{"id":545,"date":"2013-06-05T22:14:31","date_gmt":"2013-06-05T22:14:31","guid":{"rendered":"http:\/\/anomaltribu.com\/etincelle\/?page_id=545"},"modified":"2014-04-02T19:37:44","modified_gmt":"2014-04-02T19:37:44","slug":"about","status":"publish","type":"page","link":"http:\/\/anomaltribu.com\/etincelle\/about\/","title":{"rendered":"About"},"content":{"rendered":"<p>Ch\u00e8re voyageuse, cher voyageur,<\/p>\n<p>Bienvenus sur le journal de bord de<a href=\"http:\/\/www.anomaltribu.com\"> www.anomaltribu.com.<\/a><\/p>\n<p>La petite plan\u00e8te d&#8217;Anomal tribu fut <span style=\"color: #000000;\">cr\u00e9\u00e9e <\/span>en 2003 par Athane Adrahane ( philosophe, chanteuse et photographe), Th\u00e9a Daguirys (musicienne, artiste pluridisciplinaire) et Guillaume Sens Deterre (Compositeur et photographe).<\/p>\n<p>Ce journal consigne les nouvelles de leurs activit\u00e9s musicales, artistiques, photographiques, philosophiques. Il y inscrit aussi les textes et images de ces rencontres (musiciens, danseurs, \u00e9crivains, peintres,&#8230;) qui embellissent la vie, questionnent le corps, font voyager la pens\u00e9e dans d&#8217;autres constellations.<\/p>\n<p>Nous vous souhaitons une belle et intense visite.<\/p>\n<p>Aussi&#8230;<\/p>\n<p>Si vous souhaitez faire un <span style=\"color: #000000;\">renvoi<\/span> aux articles ou aux photographies, n&#8217;oubliez pas de citer les r\u00e9f\u00e9rences compl\u00e8tes (nom, titre&#8230;). Vous aiderez ainsi \u00e0 <span style=\"color: #000000;\">diffuser<\/span> notre existence. Nous vous en remercions chaleureusement.<\/p>\n<p>L&#8217;Anomal Tribu<\/p>\n","protected":false},"excerpt":{"rendered":"<p>Ch\u00e8re voyageuse, cher voyageur, Bienvenus sur le journal de bord de www.anomaltribu.com. La petite plan\u00e8te d&#8217;Anomal tribu fut cr\u00e9\u00e9e en 2003 par Athane Adrahane ( philosophe, chanteuse et photographe), Th\u00e9a Daguirys (musicienne, artiste pluridisciplinaire) et Guillaume Sens Deterre (Compositeur et &hellip; <a href=\"http:\/\/anomaltribu.com\/etincelle\/about\/\">Continue reading <span class=\"meta-nav\">&rarr;<\/span><\/a><\/p>\n","protected":false},"author":1,"featured_media":0,"parent":0,"menu_order":0,"comment_status":"closed","ping_status":"closed","template":"","meta":{"spay_email":""},"yoast_head":"<!-- This site is optimized with the Yoast SEO plugin v16.0.2 - https:\/\/yoast.com\/wordpress\/plugins\/seo\/ -->\n<link rel=\"canonical\" href=\"http:\/\/anomaltribu.com\/etincelle\/about\/\" \/>\n<meta property=\"og:locale\" content=\"en_US\" \/>\n<meta property=\"og:type\" content=\"article\" \/>\n<meta property=\"og:title\" content=\"About - L&#039;\u00e9tincelle\" \/>\n<meta property=\"og:description\" content=\"Ch\u00e8re voyageuse, cher voyageur, Bienvenus sur le journal de bord de www.anomaltribu.com. La petite plan\u00e8te d&#8217;Anomal tribu fut cr\u00e9\u00e9e en 2003 par Athane Adrahane ( philosophe, chanteuse et photographe), Th\u00e9a Daguirys (musicienne, artiste pluridisciplinaire) et Guillaume Sens Deterre (Compositeur et &hellip; Continue reading &rarr;\" \/>\n<meta property=\"og:url\" content=\"http:\/\/anomaltribu.com\/etincelle\/about\/\" \/>\n<meta property=\"og:site_name\" content=\"L&#039;\u00e9tincelle\" \/>\n<meta property=\"article:publisher\" content=\"https:\/\/www.facebook.com\/athaneadrahane\/\" \/>\n<meta property=\"article:modified_time\" content=\"2014-04-02T19:37:44+00:00\" \/>\n<meta name=\"twitter:card\" content=\"summary_large_image\" \/>\n<meta name=\"twitter:label1\" content=\"Est. reading time\">\n\t<meta name=\"twitter:data1\" content=\"1 minute\">\n<script type=\"application\/ld+json\" class=\"yoast-schema-graph\">{\"@context\":\"https:\/\/schema.org\",\"@graph\":[{\"@type\":\"WebSite\",\"@id\":\"http:\/\/anomaltribu.com\/etincelle\/#website\",\"url\":\"http:\/\/anomaltribu.com\/etincelle\/\",\"name\":\"L&#039;\\u00e9tincelle\",\"description\":\"Le Journal de bord d&#039;Anomal Tribu\",\"potentialAction\":[{\"@type\":\"SearchAction\",\"target\":\"http:\/\/anomaltribu.com\/etincelle\/?s={search_term_string}\",\"query-input\":\"required name=search_term_string\"}],\"inLanguage\":\"en-US\"},{\"@type\":\"WebPage\",\"@id\":\"http:\/\/anomaltribu.com\/etincelle\/about\/#webpage\",\"url\":\"http:\/\/anomaltribu.com\/etincelle\/about\/\",\"name\":\"About - L&#039;\\u00e9tincelle\",\"isPartOf\":{\"@id\":\"http:\/\/anomaltribu.com\/etincelle\/#website\"},\"datePublished\":\"2013-06-05T22:14:31+00:00\",\"dateModified\":\"2014-04-02T19:37:44+00:00\",\"breadcrumb\":{\"@id\":\"http:\/\/anomaltribu.com\/etincelle\/about\/#breadcrumb\"},\"inLanguage\":\"en-US\",\"potentialAction\":[{\"@type\":\"ReadAction\",\"target\":[\"http:\/\/anomaltribu.com\/etincelle\/about\/\"]}]},{\"@type\":\"BreadcrumbList\",\"@id\":\"http:\/\/anomaltribu.com\/etincelle\/about\/#breadcrumb\",\"itemListElement\":[{\"@type\":\"ListItem\",\"position\":1,\"item\":{\"@type\":\"WebPage\",\"@id\":\"http:\/\/anomaltribu.com\/etincelle\/\",\"url\":\"http:\/\/anomaltribu.com\/etincelle\/\",\"name\":\"Home\"}},{\"@type\":\"ListItem\",\"position\":2,\"item\":{\"@type\":\"WebPage\",\"@id\":\"http:\/\/anomaltribu.com\/etincelle\/about\/\",\"url\":\"http:\/\/anomaltribu.com\/etincelle\/about\/\",\"name\":\"About\"}}]}]}<\/script>\n<!-- \/ Yoast SEO plugin. -->","jetpack_likes_enabled":true,"jetpack_sharing_enabled":true,"_links":{"self":[{"href":"http:\/\/anomaltribu.com\/etincelle\/wp-json\/wp\/v2\/pages\/545"}],"collection":[{"href":"http:\/\/anomaltribu.com\/etincelle\/wp-json\/wp\/v2\/pages"}],"about":[{"href":"http:\/\/anomaltribu.com\/etincelle\/wp-json\/wp\/v2\/types\/page"}],"author":[{"embeddable":true,"href":"http:\/\/anomaltribu.com\/etincelle\/wp-json\/wp\/v2\/users\/1"}],"replies":[{"embeddable":true,"href":"http:\/\/anomaltribu.com\/etincelle\/wp-json\/wp\/v2\/comments?post=545"}],"version-history":[{"count":8,"href":"http:\/\/anomaltribu.com\/etincelle\/wp-json\/wp\/v2\/pages\/545\/revisions"}],"predecessor-version":[{"id":550,"href":"http:\/\/anomaltribu.com\/etincelle\/wp-json\/wp\/v2\/pages\/545\/revisions\/550"}],"wp:attachment":[{"href":"http:\/\/anomaltribu.com\/etincelle\/wp-json\/wp\/v2\/media?parent=545"}],"curies":[{"name":"wp","href":"https:\/\/api.w.org\/{rel}","templated":true}]}}