{"id":1120,"date":"2016-03-16T16:46:12","date_gmt":"2016-03-16T16:46:12","guid":{"rendered":"http:\/\/anomaltribu.com\/etincelle\/?page_id=1120"},"modified":"2016-03-16T18:37:18","modified_gmt":"2016-03-16T18:37:18","slug":"les-jolis-mots-et-vibrations-des-lecteurs","status":"publish","type":"page","link":"http:\/\/anomaltribu.com\/etincelle\/livre\/les-jolis-mots-et-vibrations-des-lecteurs\/","title":{"rendered":"Les jolis mots et vibrations des lecteurs &#8230;"},"content":{"rendered":"<p>&nbsp;<\/p>\n<style type=\"text\/css\"><!--\nP { margin-bottom: 0.21cm; }\n--><\/style>\n<p><i>\u00ab Sans relever d&#8217;une secousse d&#8217;adolescence aussi rude que la tienne,<\/i><\/p>\n<p><i>je vis\u00a0ton Tr\u00e9mor corps et \u00e2me, avec la joie d&#8217;une reconnaissance paire,<\/i><\/p>\n<p><i>qui m&#8217;\u00e9claire, me fortifie et m&#8217;enjoint l&#8217;engagement d\u00e9nud\u00e9 \u00e0\u00a0oeuvrer:<\/i><\/p>\n<p><i>&#8220;Que dansent les arbres&#8221;, c&#8217;est mon souhait profond et qu&#8217;il soit f\u00e9cond!\u00a0\u00bb<\/i><\/p>\n<p><i>\u00a0\u00a0\u00a0\u00a0\u00a0\u00a0\u00a0\u00a0\u00a0\u00a0\u00a0\u00a0\u00a0\u00a0\u00a0\u00a0\u00a0\u00a0\u00a0\u00a0\u00a0\u00a0\u00a0\u00a0\u00a0\u00a0\u00a0\u00a0\u00a0\u00a0\u00a0\u00a0\u00a0\u00a0\u00a0\u00a0\u00a0\u00a0\u00a0\u00a0\u00a0\u00a0\u00a0\u00a0\u00a0\u00a0\u00a0\u00a0\u00a0\u00a0\u00a0\u00a0\u00a0\u00a0\u00a0\u00a0\u00a0\u00a0\u00a0\u00a0\u00a0\u00a0\u00a0\u00a0\u00a0\u00a0 Nathalie No\u00ebl<\/i><\/p>\n<p>&nbsp;<\/p>\n<p><i>\u00ab\u00a0 Pour &#8220;Tr\u00e9mor&#8221; j&#8217;ai ador\u00e9 bien s\u00fbr toujours ces mots \u00e0 la fois tr\u00e8s riches et denses pour exprimer les diff\u00e9rentes vibrations de nos corps ! J&#8217;ai \u00e9t\u00e9 tr\u00e8s sensible au po\u00e8me intitul\u00e9 &#8220;Poup\u00e9e&#8221; avec cet enfant objet bless\u00e9 \u00e0 l&#8217;int\u00e9rieur. J&#8217;ai ador\u00e9 &#8220;Le chant du Rock&#8221;, &#8220;Testament&#8221;, &#8220;Mute&#8221;,&#8221; La Chute&#8221;, &#8220;Th\u00e9\u00e2tre du sacr\u00e9&#8221;, &#8220;Somme Athanatologique&#8221;, &#8220;Chaosmos&#8221;, &#8220;Le bois bouge !&#8221;, et surtout &#8220;Il est des jours \u00e9tranges &#8221; (Il me semble l&#8217;avoir d\u00e9j\u00e0 lu auparavant) et &#8220;Immortel Pr\u00e9sent&#8221;. Merci \u00e0 toi pour ce beau voyage litt\u00e9raire que tu nous as fait encore d\u00e9couvrir, de faire passer nos \u00e9motions au travers des \u00e9l\u00e9ments de la nature ! Que tes mots nous font encore chanter, danser, r\u00eaver \u00e0 l&#8217;infini !\u00a0\u00bb<\/i><\/p>\n<p><em>\u00a0\u00a0\u00a0\u00a0\u00a0\u00a0\u00a0\u00a0\u00a0\u00a0\u00a0\u00a0\u00a0\u00a0\u00a0\u00a0\u00a0\u00a0\u00a0\u00a0\u00a0\u00a0\u00a0\u00a0\u00a0\u00a0\u00a0\u00a0\u00a0\u00a0\u00a0\u00a0\u00a0\u00a0\u00a0\u00a0\u00a0\u00a0\u00a0\u00a0\u00a0\u00a0\u00a0\u00a0\u00a0\u00a0\u00a0\u00a0\u00a0\u00a0\u00a0\u00a0\u00a0\u00a0\u00a0\u00a0\u00a0\u00a0\u00a0\u00a0\u00a0\u00a0\u00a0\u00a0\u00a0\u00a0\u00a0\u00a0 Nathalie Harre<\/em><\/p>\n<p>&nbsp;<\/p>\n<p>&nbsp;<\/p>\n<p>&nbsp;<\/p>\n<p>&nbsp;<\/p>\n<p>&nbsp;<\/p>\n<style type=\"text\/css\"><!--\nP { margin-bottom: 0.21cm; }\n--><\/style>\n<style type=\"text\/css\"><!--\nP { margin-bottom: 0.21cm; }\n--><\/style>\n<style type=\"text\/css\"><!--\nP { margin-bottom: 0.21cm; }\n--><\/style>\n<p>&nbsp;<\/p>\n","protected":false},"excerpt":{"rendered":"<p>&nbsp; \u00ab Sans relever d&#8217;une secousse d&#8217;adolescence aussi rude que la tienne, je vis\u00a0ton Tr\u00e9mor corps et \u00e2me, avec la joie d&#8217;une reconnaissance paire, qui m&#8217;\u00e9claire, me fortifie et m&#8217;enjoint l&#8217;engagement d\u00e9nud\u00e9 \u00e0\u00a0oeuvrer: &#8220;Que dansent les arbres&#8221;, c&#8217;est mon souhait &hellip; <a href=\"http:\/\/anomaltribu.com\/etincelle\/livre\/les-jolis-mots-et-vibrations-des-lecteurs\/\">Continue reading <span class=\"meta-nav\">&rarr;<\/span><\/a><\/p>\n","protected":false},"author":1,"featured_media":0,"parent":1034,"menu_order":0,"comment_status":"open","ping_status":"closed","template":"","meta":{"spay_email":""},"yoast_head":"<!-- This site is optimized with the Yoast SEO plugin v16.0.2 - https:\/\/yoast.com\/wordpress\/plugins\/seo\/ -->\n<link rel=\"canonical\" href=\"http:\/\/anomaltribu.com\/etincelle\/livre\/tremor-de-athane-adrahane__trashed\/les-jolis-mots-et-vibrations-des-lecteurs\/\" \/>\n<meta property=\"og:locale\" content=\"en_US\" \/>\n<meta property=\"og:type\" content=\"article\" \/>\n<meta property=\"og:title\" content=\"Les jolis mots et vibrations des lecteurs ... - L&#039;\u00e9tincelle\" \/>\n<meta property=\"og:description\" content=\"&nbsp; \u00ab Sans relever d&#8217;une secousse d&#8217;adolescence aussi rude que la tienne, je vis\u00a0ton Tr\u00e9mor corps et \u00e2me, avec la joie d&#8217;une reconnaissance paire, qui m&#8217;\u00e9claire, me fortifie et m&#8217;enjoint l&#8217;engagement d\u00e9nud\u00e9 \u00e0\u00a0oeuvrer: &#8220;Que dansent les arbres&#8221;, c&#8217;est mon souhait &hellip; Continue reading &rarr;\" \/>\n<meta property=\"og:url\" content=\"http:\/\/anomaltribu.com\/etincelle\/livre\/tremor-de-athane-adrahane__trashed\/les-jolis-mots-et-vibrations-des-lecteurs\/\" \/>\n<meta property=\"og:site_name\" content=\"L&#039;\u00e9tincelle\" \/>\n<meta property=\"article:publisher\" content=\"https:\/\/www.facebook.com\/athaneadrahane\/\" \/>\n<meta property=\"article:modified_time\" content=\"2016-03-16T18:37:18+00:00\" \/>\n<meta name=\"twitter:card\" content=\"summary_large_image\" \/>\n<meta name=\"twitter:label1\" content=\"Est. reading time\">\n\t<meta name=\"twitter:data1\" content=\"1 minute\">\n<script type=\"application\/ld+json\" class=\"yoast-schema-graph\">{\"@context\":\"https:\/\/schema.org\",\"@graph\":[{\"@type\":\"WebSite\",\"@id\":\"http:\/\/anomaltribu.com\/etincelle\/#website\",\"url\":\"http:\/\/anomaltribu.com\/etincelle\/\",\"name\":\"L&#039;\\u00e9tincelle\",\"description\":\"Le Journal de bord d&#039;Anomal Tribu\",\"potentialAction\":[{\"@type\":\"SearchAction\",\"target\":\"http:\/\/anomaltribu.com\/etincelle\/?s={search_term_string}\",\"query-input\":\"required name=search_term_string\"}],\"inLanguage\":\"en-US\"},{\"@type\":\"WebPage\",\"@id\":\"http:\/\/anomaltribu.com\/etincelle\/livre\/tremor-de-athane-adrahane__trashed\/les-jolis-mots-et-vibrations-des-lecteurs\/#webpage\",\"url\":\"http:\/\/anomaltribu.com\/etincelle\/livre\/tremor-de-athane-adrahane__trashed\/les-jolis-mots-et-vibrations-des-lecteurs\/\",\"name\":\"Les jolis mots et vibrations des lecteurs ... - L&#039;\\u00e9tincelle\",\"isPartOf\":{\"@id\":\"http:\/\/anomaltribu.com\/etincelle\/#website\"},\"datePublished\":\"2016-03-16T16:46:12+00:00\",\"dateModified\":\"2016-03-16T18:37:18+00:00\",\"breadcrumb\":{\"@id\":\"http:\/\/anomaltribu.com\/etincelle\/livre\/tremor-de-athane-adrahane__trashed\/les-jolis-mots-et-vibrations-des-lecteurs\/#breadcrumb\"},\"inLanguage\":\"en-US\",\"potentialAction\":[{\"@type\":\"ReadAction\",\"target\":[\"http:\/\/anomaltribu.com\/etincelle\/livre\/tremor-de-athane-adrahane__trashed\/les-jolis-mots-et-vibrations-des-lecteurs\/\"]}]},{\"@type\":\"BreadcrumbList\",\"@id\":\"http:\/\/anomaltribu.com\/etincelle\/livre\/tremor-de-athane-adrahane__trashed\/les-jolis-mots-et-vibrations-des-lecteurs\/#breadcrumb\",\"itemListElement\":[{\"@type\":\"ListItem\",\"position\":1,\"item\":{\"@type\":\"WebPage\",\"@id\":\"http:\/\/anomaltribu.com\/etincelle\/\",\"url\":\"http:\/\/anomaltribu.com\/etincelle\/\",\"name\":\"Home\"}},{\"@type\":\"ListItem\",\"position\":2,\"item\":{\"@type\":\"WebPage\",\"@id\":\"http:\/\/anomaltribu.com\/etincelle\/livre\/\",\"url\":\"http:\/\/anomaltribu.com\/etincelle\/livre\/\",\"name\":\"Livres\"}},{\"@type\":\"ListItem\",\"position\":3,\"item\":{\"@type\":\"WebPage\",\"@id\":\"http:\/\/anomaltribu.com\/etincelle\/livre\/tremor-de-athane-adrahane__trashed\/les-jolis-mots-et-vibrations-des-lecteurs\/\",\"url\":\"http:\/\/anomaltribu.com\/etincelle\/livre\/tremor-de-athane-adrahane__trashed\/les-jolis-mots-et-vibrations-des-lecteurs\/\",\"name\":\"Les jolis mots et vibrations des lecteurs &#8230;\"}}]}]}<\/script>\n<!-- \/ Yoast SEO plugin. -->","jetpack_likes_enabled":true,"jetpack_sharing_enabled":true,"_links":{"self":[{"href":"http:\/\/anomaltribu.com\/etincelle\/wp-json\/wp\/v2\/pages\/1120"}],"collection":[{"href":"http:\/\/anomaltribu.com\/etincelle\/wp-json\/wp\/v2\/pages"}],"about":[{"href":"http:\/\/anomaltribu.com\/etincelle\/wp-json\/wp\/v2\/types\/page"}],"author":[{"embeddable":true,"href":"http:\/\/anomaltribu.com\/etincelle\/wp-json\/wp\/v2\/users\/1"}],"replies":[{"embeddable":true,"href":"http:\/\/anomaltribu.com\/etincelle\/wp-json\/wp\/v2\/comments?post=1120"}],"version-history":[{"count":5,"href":"http:\/\/anomaltribu.com\/etincelle\/wp-json\/wp\/v2\/pages\/1120\/revisions"}],"predecessor-version":[{"id":1143,"href":"http:\/\/anomaltribu.com\/etincelle\/wp-json\/wp\/v2\/pages\/1120\/revisions\/1143"}],"up":[{"embeddable":true,"href":"http:\/\/anomaltribu.com\/etincelle\/wp-json\/wp\/v2\/pages\/1034"}],"wp:attachment":[{"href":"http:\/\/anomaltribu.com\/etincelle\/wp-json\/wp\/v2\/media?parent=1120"}],"curies":[{"name":"wp","href":"https:\/\/api.w.org\/{rel}","templated":true}]}}